{"id":4609,"date":"2021-06-01T14:56:50","date_gmt":"2021-06-01T12:56:50","guid":{"rendered":"https:\/\/idmotions.com\/4dlh\/?page_id=4609"},"modified":"2021-06-17T15:19:55","modified_gmt":"2021-06-17T13:19:55","slug":"pourquoi-le-coaching-executif-est-essentiel-durant-une-crise","status":"publish","type":"page","link":"https:\/\/www.4dlh.com\/en\/take-actions\/pourquoi-le-coaching-executif-est-essentiel-durant-une-crise\/","title":{"rendered":"Why Executive Coaching Is Crucial in a Crisis"},"content":{"rendered":"<div class=\"tm-row wpb_row vc_row-fluid tm-zindex-0 vc_row container tm-bgimage-position-center_center\">\n\n\t\t\n\t\t\n\t\t\n\n<div class=\"wpb_column tm-column vc_column_container vc_col-sm-6 tm-zindex-0\">\n\t<div class=\"vc_column-inner\">\n\t\t\t\t<div class=\"wpb_wrapper\">\n\t\t\t\n\t<div class=\"wpb_text_column wpb_content_element\" >\n\t\t<div class=\"wpb_wrapper\">\n\t\t\t<p>As we continue to deal with uncertainty and complexity due to the COVID-19 pandemic, organizations and leaders have faced tremendous pressure to safeguard financial performance, while keeping customers, employees and communities safe.<\/p>\n<p>Executive coaching\u00a0is a key strategy for helping you maintain your daily operations and prepare you for a volatile future. It aims to meet you where you are, help you set achievable goals, and support you as you develop.<\/p>\n<p>The focus of executive coaching is improving your performance and increasing self-\nawareness of your strengths, stress behaviors, and development areas.<\/p>\n<p>Executive coaching increases your engagement and your ability to productively bounce back from challenges, adversity, conflict, stress and constant change.<\/p>\n<p><strong>Executive Coaching<\/strong><\/p>\n\n\t\t<\/div>\n\t<\/div>\n<ol class=\"tm-list tm-list-style-decimal tm-list-icon-color-skincolor tm- tm-icon-skincolor tm-list-textsize-medium\" type=\"1\"><li><span class=\"tm-list-li-content\">Lessens Decision-making Risk,<\/span><\/li><li><span class=\"tm-list-li-content\">Provides Clarity,<\/span><\/li><li><span class=\"tm-list-li-content\">Helps Foster Personal Resilience, and\n<\/span><\/li><li><span class=\"tm-list-li-content\">Maximizes Learning<\/span><\/li><\/ol>\t\t<\/div>\n\t<\/div>\n<\/div>\n\n\n\n\n\n<div class=\"wpb_column tm-column vc_column_container vc_col-sm-6 tm-zindex-0\">\n\t<div class=\"vc_column-inner\">\n\t\t\t\t<div class=\"wpb_wrapper\">\n\t\t\t\n\t<div  class=\"wpb_single_image wpb_content_element vc_align_left\">\n\t\t\n\t\t<figure class=\"wpb_wrapper vc_figure\">\n\t\t\t<div class=\"vc_single_image-wrapper   vc_box_border_grey\"><img width=\"1000\" height=\"667\" src=\"https:\/\/www.4dlh.com\/wp-content\/uploads\/2021\/06\/business-consulting-UEEE5J9-1.jpg\" class=\"vc_single_image-img attachment-full\" alt=\"\" decoding=\"async\" loading=\"lazy\" srcset=\"https:\/\/www.4dlh.com\/wp-content\/uploads\/2021\/06\/business-consulting-UEEE5J9-1.jpg 1000w, https:\/\/www.4dlh.com\/wp-content\/uploads\/2021\/06\/business-consulting-UEEE5J9-1-300x200.jpg 300w, https:\/\/www.4dlh.com\/wp-content\/uploads\/2021\/06\/business-consulting-UEEE5J9-1-768x512.jpg 768w, https:\/\/www.4dlh.com\/wp-content\/uploads\/2021\/06\/business-consulting-UEEE5J9-1-16x12.jpg 16w\" sizes=\"(max-width: 1000px) 100vw, 1000px\" data-id=\"4675\" \/><\/div>\n\t\t<\/figure>\n\t<\/div>\n\t\t<\/div>\n\t<\/div>\n<\/div>\n\n\n\n\t\t\n\t<\/div>\n\n\n\n\n\n\n\n\n\n\n\n<div class=\"tm-row wpb_row vc_row-fluid vc_custom_1622640137611 tm-zindex-0 vc_row container tm-bgimage-position-center_center\">\n\n\t\t\n\t\t\n\t\t\n\n<div class=\"wpb_column tm-column vc_column_container vc_col-sm-6 tm-zindex-0\">\n\t<div class=\"vc_column-inner\">\n\t\t\t\t<div class=\"wpb_wrapper\">\n\t\t\t\n\t<div  class=\"wpb_single_image wpb_content_element vc_align_center\">\n\t\t\n\t\t<figure class=\"wpb_wrapper vc_figure\">\n\t\t\t<div class=\"vc_single_image-wrapper   vc_box_border_grey\"><img class=\"vc_single_image-img\" src=\"https:\/\/www.4dlh.com\/wp-content\/uploads\/2021\/06\/sdf-500x400.jpg\" width=\"500\" height=\"400\" alt=\"sdf\" title=\"sdf\" \/><\/div>\n\t\t<\/figure>\n\t<\/div>\n\t\t<\/div>\n\t<\/div>\n<\/div>\n\n\n\n\n\n<div class=\"wpb_column tm-column vc_column_container vc_col-sm-6 tm-zindex-0\">\n\t<div class=\"vc_column-inner\">\n\t\t\t\t<div class=\"wpb_wrapper\">\n\t\t\t\n\t<div class=\"wpb_text_column wpb_content_element\" >\n\t\t<div class=\"wpb_wrapper\">\n\t\t\t<p>Coaching, beyond this fashion image that it gives, is above all a concept that allows the company to improve its competitiveness and performance. But to be effective, coaching must target the right people who are:<\/p>\n\n\t\t<\/div>\n\t<\/div>\n<ul class=\"tm-list tm-list-style-icon tm-list-icon-color-skincolor tm-black tm-icon-skincolor tm-list-textsize- tm-list-icon-library-fontawesome vc_custom_1622640716823\"><li><i class=\"tm-skincolor fa fa-check\"><\/i>  <span class=\"tm-list-li-content\">Open to change.<\/span><\/li><li><i class=\"tm-skincolor fa fa-check\"><\/i>  <span class=\"tm-list-li-content\">Ready to experiment with new ideas.<\/span><\/li><li><i class=\"tm-skincolor fa fa-check\"><\/i>  <span class=\"tm-list-li-content\">Able to reflect and recognize their mistakes.<\/span><\/li><li><i class=\"tm-skincolor fa fa-check\"><\/i>  <span class=\"tm-list-li-content\">Ready to listen to what others are saying.<\/span><\/li><li><i class=\"tm-skincolor fa fa-check\"><\/i>  <span class=\"tm-list-li-content\">Learning volunteers.<\/span><\/li><li><i class=\"tm-skincolor fa fa-check\"><\/i>  <span class=\"tm-list-li-content\">Focused on the future rather than the past.<\/span><\/li><li><i class=\"tm-skincolor fa fa-check\"><\/i>  <span class=\"tm-list-li-content\">Passionate and endowed with a sense of personal mission.<\/span><\/li><\/ul>\t\t<\/div>\n\t<\/div>\n<\/div>\n\n\n\n\t\t\n\t<\/div>\n\n\n\n\n\n\n\n\n\n\n\n<div class=\"tm-row wpb_row vc_row-fluid vc_custom_1622640171917 tm-zindex-0 vc_row container tm-bgimage-position-center_center\">\n\n\t\t\n\t\t\n\t\t\n\n<div class=\"wpb_column tm-column vc_column_container vc_col-sm-6 tm-zindex-0\">\n\t<div class=\"vc_column-inner\">\n\t\t\t\t<div class=\"wpb_wrapper\">\n\t\t\t\n\t<div class=\"wpb_text_column wpb_content_element\" >\n\t\t<div class=\"wpb_wrapper\">\n\t\t\t<p>With these elements in mind, we work very closely with the coaching candidates, and we almost always achieve the goals and objectives that we had planned together at the start, as indicated by the typology of results above.<\/p>\n\n\t\t<\/div>\n\t<\/div>\n\t\t<\/div>\n\t<\/div>\n<\/div>\n\n\n\n\n\n<div class=\"wpb_column tm-column vc_column_container vc_col-sm-6 tm-zindex-0\">\n\t<div class=\"vc_column-inner\">\n\t\t\t\t<div class=\"wpb_wrapper\">\n\t\t\t\n\t<div  class=\"wpb_single_image wpb_content_element vc_align_center\">\n\t\t\n\t\t<figure class=\"wpb_wrapper vc_figure\">\n\t\t\t<div class=\"vc_single_image-wrapper   vc_box_border_grey\"><img class=\"vc_single_image-img\" src=\"https:\/\/www.4dlh.com\/wp-content\/uploads\/2021\/06\/solutions2-1-300x200.png\" width=\"300\" height=\"200\" alt=\"solutions2-1\" title=\"solutions2-1\" \/><\/div>\n\t\t<\/figure>\n\t<\/div>\n\t\t<\/div>\n\t<\/div>\n<\/div>\n\n\n\n\t\t\n\t<\/div>","protected":false},"excerpt":{"rendered":"Alors que nous continuons \u00e0 op\u00e9rer dans un monde plein d'incertitude et de complexit\u00e9 en raison de la pand\u00e9mie de covid 19, les organisations et les dirigeants sont confront\u00e9s \u00e0 une pression \u00e9norme pour assurer la performance financi\u00e8re et les actifs de l'entreprise tout en garantissant la s\u00e9curit\u00e9 des clients, des employ\u00e9s et des communaut\u00e9s &hellip; <a href=\"https:\/\/www.4dlh.com\/en\/take-actions\/pourquoi-le-coaching-executif-est-essentiel-durant-une-crise\/\" class=\"more-link\">Continue reading <span class=\"screen-reader-text\">Why Executive Coaching Is Crucial in a Crisis<\/span><\/a>","protected":false},"author":3,"featured_media":0,"parent":501,"menu_order":0,"comment_status":"closed","ping_status":"closed","template":"","meta":[],"yoast_head":"<!-- This site is optimized with the Yoast SEO plugin v20.1 - https:\/\/yoast.com\/wordpress\/plugins\/seo\/ -->\n<title>Pourquoi le coaching executif est essentiel durant une crise - 4DLH<\/title>\n<meta name=\"robots\" content=\"index, follow, max-snippet:-1, max-image-preview:large, max-video-preview:-1\" \/>\n<link rel=\"canonical\" href=\"https:\/\/www.4dlh.com\/en\/take-actions\/pourquoi-le-coaching-executif-est-essentiel-durant-une-crise\/\" \/>\n<meta property=\"og:locale\" content=\"en_US\" \/>\n<meta property=\"og:type\" content=\"article\" \/>\n<meta property=\"og:title\" content=\"Pourquoi le coaching executif est essentiel durant une crise - 4DLH\" \/>\n<meta property=\"og:url\" content=\"https:\/\/www.4dlh.com\/en\/take-actions\/pourquoi-le-coaching-executif-est-essentiel-durant-une-crise\/\" \/>\n<meta property=\"og:site_name\" content=\"4DLH\" \/>\n<meta property=\"article:modified_time\" content=\"2021-06-17T13:19:55+00:00\" \/>\n<meta name=\"twitter:card\" content=\"summary_large_image\" \/>\n<meta name=\"twitter:label1\" content=\"Est. reading time\" \/>\n\t<meta name=\"twitter:data1\" content=\"2 minutes\" \/>\n<script type=\"application\/ld+json\" class=\"yoast-schema-graph\">{\"@context\":\"https:\/\/schema.org\",\"@graph\":[{\"@type\":\"WebPage\",\"@id\":\"https:\/\/www.4dlh.com\/take-actions\/pourquoi-le-coaching-executif-est-essentiel-durant-une-crise\/\",\"url\":\"https:\/\/www.4dlh.com\/take-actions\/pourquoi-le-coaching-executif-est-essentiel-durant-une-crise\/\",\"name\":\"Pourquoi le coaching executif est essentiel durant une crise - 4DLH\",\"isPartOf\":{\"@id\":\"https:\/\/www.4dlh.com\/#website\"},\"datePublished\":\"2021-06-01T12:56:50+00:00\",\"dateModified\":\"2021-06-17T13:19:55+00:00\",\"breadcrumb\":{\"@id\":\"https:\/\/www.4dlh.com\/take-actions\/pourquoi-le-coaching-executif-est-essentiel-durant-une-crise\/#breadcrumb\"},\"inLanguage\":\"en-US\",\"potentialAction\":[{\"@type\":\"ReadAction\",\"target\":[\"https:\/\/www.4dlh.com\/take-actions\/pourquoi-le-coaching-executif-est-essentiel-durant-une-crise\/\"]}]},{\"@type\":\"BreadcrumbList\",\"@id\":\"https:\/\/www.4dlh.com\/take-actions\/pourquoi-le-coaching-executif-est-essentiel-durant-une-crise\/#breadcrumb\",\"itemListElement\":[{\"@type\":\"ListItem\",\"position\":1,\"name\":\"Accueil\",\"item\":\"https:\/\/www.4dlh.com\/\"},{\"@type\":\"ListItem\",\"position\":2,\"name\":\"Take actions\",\"item\":\"https:\/\/www.4dlh.com\/take-actions\/\"},{\"@type\":\"ListItem\",\"position\":3,\"name\":\"Pourquoi le coaching executif est essentiel durant une crise\"}]},{\"@type\":\"WebSite\",\"@id\":\"https:\/\/www.4dlh.com\/#website\",\"url\":\"https:\/\/www.4dlh.com\/\",\"name\":\"4DLH\",\"description\":\"Un site utilisant WordPress\",\"potentialAction\":[{\"@type\":\"SearchAction\",\"target\":{\"@type\":\"EntryPoint\",\"urlTemplate\":\"https:\/\/www.4dlh.com\/?s={search_term_string}\"},\"query-input\":\"required name=search_term_string\"}],\"inLanguage\":\"en-US\"}]}<\/script>\n<!-- \/ Yoast SEO plugin. -->","yoast_head_json":{"title":"Pourquoi le coaching executif est essentiel durant une crise - 4DLH","robots":{"index":"index","follow":"follow","max-snippet":"max-snippet:-1","max-image-preview":"max-image-preview:large","max-video-preview":"max-video-preview:-1"},"canonical":"https:\/\/www.4dlh.com\/en\/take-actions\/pourquoi-le-coaching-executif-est-essentiel-durant-une-crise\/","og_locale":"en_US","og_type":"article","og_title":"Pourquoi le coaching executif est essentiel durant une crise - 4DLH","og_url":"https:\/\/www.4dlh.com\/en\/take-actions\/pourquoi-le-coaching-executif-est-essentiel-durant-une-crise\/","og_site_name":"4DLH","article_modified_time":"2021-06-17T13:19:55+00:00","twitter_card":"summary_large_image","twitter_misc":{"Est. reading time":"2 minutes"},"schema":{"@context":"https:\/\/schema.org","@graph":[{"@type":"WebPage","@id":"https:\/\/www.4dlh.com\/take-actions\/pourquoi-le-coaching-executif-est-essentiel-durant-une-crise\/","url":"https:\/\/www.4dlh.com\/take-actions\/pourquoi-le-coaching-executif-est-essentiel-durant-une-crise\/","name":"Pourquoi le coaching executif est essentiel durant une crise - 4DLH","isPartOf":{"@id":"https:\/\/www.4dlh.com\/#website"},"datePublished":"2021-06-01T12:56:50+00:00","dateModified":"2021-06-17T13:19:55+00:00","breadcrumb":{"@id":"https:\/\/www.4dlh.com\/take-actions\/pourquoi-le-coaching-executif-est-essentiel-durant-une-crise\/#breadcrumb"},"inLanguage":"en-US","potentialAction":[{"@type":"ReadAction","target":["https:\/\/www.4dlh.com\/take-actions\/pourquoi-le-coaching-executif-est-essentiel-durant-une-crise\/"]}]},{"@type":"BreadcrumbList","@id":"https:\/\/www.4dlh.com\/take-actions\/pourquoi-le-coaching-executif-est-essentiel-durant-une-crise\/#breadcrumb","itemListElement":[{"@type":"ListItem","position":1,"name":"Accueil","item":"https:\/\/www.4dlh.com\/"},{"@type":"ListItem","position":2,"name":"Take actions","item":"https:\/\/www.4dlh.com\/take-actions\/"},{"@type":"ListItem","position":3,"name":"Pourquoi le coaching executif est essentiel durant une crise"}]},{"@type":"WebSite","@id":"https:\/\/www.4dlh.com\/#website","url":"https:\/\/www.4dlh.com\/","name":"4DLH","description":"Un site utilisant WordPress","potentialAction":[{"@type":"SearchAction","target":{"@type":"EntryPoint","urlTemplate":"https:\/\/www.4dlh.com\/?s={search_term_string}"},"query-input":"required name=search_term_string"}],"inLanguage":"en-US"}]}},"_links":{"self":[{"href":"https:\/\/www.4dlh.com\/en\/wp-json\/wp\/v2\/pages\/4609"}],"collection":[{"href":"https:\/\/www.4dlh.com\/en\/wp-json\/wp\/v2\/pages"}],"about":[{"href":"https:\/\/www.4dlh.com\/en\/wp-json\/wp\/v2\/types\/page"}],"author":[{"embeddable":true,"href":"https:\/\/www.4dlh.com\/en\/wp-json\/wp\/v2\/users\/3"}],"replies":[{"embeddable":true,"href":"https:\/\/www.4dlh.com\/en\/wp-json\/wp\/v2\/comments?post=4609"}],"version-history":[{"count":9,"href":"https:\/\/www.4dlh.com\/en\/wp-json\/wp\/v2\/pages\/4609\/revisions"}],"predecessor-version":[{"id":4717,"href":"https:\/\/www.4dlh.com\/en\/wp-json\/wp\/v2\/pages\/4609\/revisions\/4717"}],"up":[{"embeddable":true,"href":"https:\/\/www.4dlh.com\/en\/wp-json\/wp\/v2\/pages\/501"}],"wp:attachment":[{"href":"https:\/\/www.4dlh.com\/en\/wp-json\/wp\/v2\/media?parent=4609"}],"curies":[{"name":"wp","href":"https:\/\/api.w.org\/{rel}","templated":true}]}}