{"id":4628,"date":"2021-06-02T14:57:35","date_gmt":"2021-06-02T12:57:35","guid":{"rendered":"https:\/\/idmotions.com\/4dlh\/?page_id=4628"},"modified":"2021-06-17T15:19:55","modified_gmt":"2021-06-17T13:19:55","slug":"formations","status":"publish","type":"page","link":"https:\/\/www.4dlh.com\/en\/take-actions\/formations\/","title":{"rendered":"Training"},"content":{"rendered":"<div class=\"tm-row wpb_row vc_row-fluid tm-zindex-0 vc_row container tm-bgimage-position-center_center\">\n\n\t\t\n\t\t\n\t\t\n\n<div class=\"wpb_column tm-column vc_column_container vc_col-sm-12 tm-zindex-0\">\n\t<div class=\"vc_column-inner\">\n\t\t\t\t<div class=\"wpb_wrapper\">\n\t\t\t<div class=\"themetechmount-boxes themetechmount-boxes-portfolio themetechmount-boxes-view-default themetechmount-boxes-col-three themetechmount-boxes-sortable-no themetechmount-boxes-textalign-center themetechmount-boxes-spacing-10px accompagnement\">\n\t\t<div class=\"themetechmount-boxes-inner themetechmount-boxes-portfolio-inner\"><div class=\"themetechmount-box-heading-wrapper tm-element-align-center\"><div class=\"tm-element-heading-wrapper tm-heading-inner tm-element-align-center tm-seperator-solid tm-heading-style-vertical\"><section class=\"tm-vc_cta3-container\"><div class=\"tm-vc_general tm-vc_cta3 tm-cta3-only tm-vc_cta3-style-classic tm-vc_cta3-shape-rounded tm-vc_cta3-align-center tm-vc_cta3-color-transparent tm-vc_cta3-icon-size-md tm-vc_cta3-actions-no tm-cta3-without-desc\"><div class=\"tm-vc_cta3_content-container\"><div class=\"tm-vc_cta3-content\"><header class=\"tm-vc_cta3-content-header tm-wrap\"><div class=\"tm-vc_cta3-headers tm-wrap-cell\"><h2 class=\"tm-custom-heading\" >Training<\/h2>\n<\/div><\/header><\/div><\/div><\/div><\/section><\/div> <!-- .tm-element-heading-wrapper container --> <\/div> <!-- .tm-element-heading-wrapper container --> \n\t\t\t\n\t\t\t<div class=\"row multi-columns-row themetechmount-boxes-row-wrapper\">\n\t\t\t\t<div class=\"tm-box-col-wrapper col-lg-4 col-sm-6 col-md-4 col-xs-12 formations\"><article class=\"themetechmount-box themetechmount-box-portfolio themetechmount-box-view-overlay themetechmount-portfolio-box-view-overlay\">\n\t<div class=\"themetechmount-post-item\">\n\t\t\n\t\t<span class=\"themetechmount-item-thumbnail\">\n\t\t\t<span class=\"themetechmount-item-thumbnail-inner\">\n\t\t\t\t<img width=\"600\" height=\"500\" src=\"https:\/\/www.4dlh.com\/wp-content\/uploads\/2021\/06\/d.jpg\" class=\"attachment-themetechmount-img-portfolio size-themetechmount-img-portfolio wp-post-image\" alt=\"\" decoding=\"async\" loading=\"lazy\" srcset=\"https:\/\/www.4dlh.com\/wp-content\/uploads\/2021\/06\/d.jpg 600w, https:\/\/www.4dlh.com\/wp-content\/uploads\/2021\/06\/d-300x250.jpg 300w, https:\/\/www.4dlh.com\/wp-content\/uploads\/2021\/06\/d-14x12.jpg 14w\" sizes=\"(max-width: 600px) 100vw, 600px\" data-id=\"4661\" \/>\n\t\t\t<\/span>\n\t\t<\/span>\t\t<div class=\"themetechmount-box-content themetechmount-overlay\">\t\t\t\n            <div class=\"themetechmount-box-content-inner\">\t\n\t\t\t\t<div class=\"themetechmount-box-category\"><a href=\"https:\/\/www.4dlh.com\/en\/portfolio-category\/formations\/\" rel=\"tag\">Training<\/a><\/div>\n\t\t\t\t<div class=\"themetechmount-box-title\"><h4><a href=\"https:\/\/www.4dlh.com\/en\/portfolio\/formation-de-communication-prise-de-parole-en-public\/\">Communication training and Public Speaking<\/a><\/h4><\/div>\t\t\t\n\t\t\t <\/div>\t\n\t\t<\/div>\n\t<\/div>\n<\/article><\/div><div class=\"tm-box-col-wrapper col-lg-4 col-sm-6 col-md-4 col-xs-12 formations\"><article class=\"themetechmount-box themetechmount-box-portfolio themetechmount-box-view-overlay themetechmount-portfolio-box-view-overlay\">\n\t<div class=\"themetechmount-post-item\">\n\t\t\n\t\t<span class=\"themetechmount-item-thumbnail\">\n\t\t\t<span class=\"themetechmount-item-thumbnail-inner\">\n\t\t\t\t<img width=\"600\" height=\"500\" src=\"https:\/\/www.4dlh.com\/wp-content\/uploads\/2021\/06\/5.jpg\" class=\"attachment-themetechmount-img-portfolio size-themetechmount-img-portfolio wp-post-image\" alt=\"\" decoding=\"async\" loading=\"lazy\" srcset=\"https:\/\/www.4dlh.com\/wp-content\/uploads\/2021\/06\/5.jpg 600w, https:\/\/www.4dlh.com\/wp-content\/uploads\/2021\/06\/5-300x250.jpg 300w, https:\/\/www.4dlh.com\/wp-content\/uploads\/2021\/06\/5-14x12.jpg 14w\" sizes=\"(max-width: 600px) 100vw, 600px\" data-id=\"4603\" \/>\n\t\t\t<\/span>\n\t\t<\/span>\t\t<div class=\"themetechmount-box-content themetechmount-overlay\">\t\t\t\n            <div class=\"themetechmount-box-content-inner\">\t\n\t\t\t\t<div class=\"themetechmount-box-category\"><a href=\"https:\/\/www.4dlh.com\/en\/portfolio-category\/formations\/\" rel=\"tag\">Training<\/a><\/div>\n\t\t\t\t<div class=\"themetechmount-box-title\"><h4><a href=\"https:\/\/www.4dlh.com\/en\/portfolio\/resolution-de-conflits-negociations-mediation\/\">Conflict Resolution, Negotiations, Mediation<\/a><\/h4><\/div>\t\t\t\n\t\t\t <\/div>\t\n\t\t<\/div>\n\t<\/div>\n<\/article><\/div><div class=\"tm-box-col-wrapper col-lg-4 col-sm-6 col-md-4 col-xs-12 formations\"><article class=\"themetechmount-box themetechmount-box-portfolio themetechmount-box-view-overlay themetechmount-portfolio-box-view-overlay\">\n\t<div class=\"themetechmount-post-item\">\n\t\t\n\t\t<span class=\"themetechmount-item-thumbnail\">\n\t\t\t<span class=\"themetechmount-item-thumbnail-inner\">\n\t\t\t\t<img width=\"600\" height=\"500\" src=\"https:\/\/www.4dlh.com\/wp-content\/uploads\/2021\/06\/6.jpg\" class=\"attachment-themetechmount-img-portfolio size-themetechmount-img-portfolio wp-post-image\" alt=\"\" decoding=\"async\" loading=\"lazy\" srcset=\"https:\/\/www.4dlh.com\/wp-content\/uploads\/2021\/06\/6.jpg 600w, https:\/\/www.4dlh.com\/wp-content\/uploads\/2021\/06\/6-300x250.jpg 300w, https:\/\/www.4dlh.com\/wp-content\/uploads\/2021\/06\/6-14x12.jpg 14w\" sizes=\"(max-width: 600px) 100vw, 600px\" data-id=\"4654\" \/>\n\t\t\t<\/span>\n\t\t<\/span>\t\t<div class=\"themetechmount-box-content themetechmount-overlay\">\t\t\t\n            <div class=\"themetechmount-box-content-inner\">\t\n\t\t\t\t<div class=\"themetechmount-box-category\"><a href=\"https:\/\/www.4dlh.com\/en\/portfolio-category\/formations\/\" rel=\"tag\">Training<\/a><\/div>\n\t\t\t\t<div class=\"themetechmount-box-title\"><h4><a href=\"https:\/\/www.4dlh.com\/en\/portfolio\/accompagnement-leadership-et-management\/\">Leadership &amp; management support<\/a><\/h4><\/div>\t\t\t\n\t\t\t <\/div>\t\n\t\t<\/div>\n\t<\/div>\n<\/article><\/div>\n\t\t\t<\/div>\n\t\t<\/div><!-- .themetechmount-boxes-inner -->   <\/div><!-- .themetechmount-boxes -->  \t\t<\/div>\n\t<\/div>\n<\/div>\n\n\n\n\t\t\n\t<\/div>","protected":false},"excerpt":{"rendered":"La formation Leadership et Management permet de former les responsables \u00e0 g\u00e9rer toutes les probl\u00e9matiques qu\u2019ils peuvent rencontrer. Plusieurs techniques et notions sont abord\u00e9es dans les cursus pour bien superviser le groupe. Le management des entreprises est aujourd\u2019hui in\u00e9vitable au regard de ce recul \u00e9conomique que rencontre les entreprises en ce moment. Cette formation permet &hellip; <a href=\"https:\/\/www.4dlh.com\/en\/portfolio\/accompagnement-leadership-et-management\/\" class=\"more-link\">Continue reading <span class=\"screen-reader-text\">Leadership &amp; management support<\/span><\/a>","protected":false},"author":3,"featured_media":0,"parent":501,"menu_order":0,"comment_status":"closed","ping_status":"closed","template":"","meta":[],"yoast_head":"<!-- This site is optimized with the Yoast SEO plugin v20.1 - https:\/\/yoast.com\/wordpress\/plugins\/seo\/ -->\n<title>Formations - 4DLH<\/title>\n<meta name=\"robots\" content=\"index, follow, max-snippet:-1, max-image-preview:large, max-video-preview:-1\" \/>\n<link rel=\"canonical\" href=\"https:\/\/www.4dlh.com\/en\/take-actions\/formations\/\" \/>\n<meta property=\"og:locale\" content=\"en_US\" \/>\n<meta property=\"og:type\" content=\"article\" \/>\n<meta property=\"og:title\" content=\"Formations - 4DLH\" \/>\n<meta property=\"og:url\" content=\"https:\/\/www.4dlh.com\/en\/take-actions\/formations\/\" \/>\n<meta property=\"og:site_name\" content=\"4DLH\" \/>\n<meta property=\"article:modified_time\" content=\"2021-06-17T13:19:55+00:00\" \/>\n<meta name=\"twitter:card\" content=\"summary_large_image\" \/>\n<meta name=\"twitter:label1\" content=\"Est. reading time\" \/>\n\t<meta name=\"twitter:data1\" content=\"1 minute\" \/>\n<script type=\"application\/ld+json\" class=\"yoast-schema-graph\">{\"@context\":\"https:\/\/schema.org\",\"@graph\":[{\"@type\":\"WebPage\",\"@id\":\"https:\/\/www.4dlh.com\/take-actions\/formations\/\",\"url\":\"https:\/\/www.4dlh.com\/take-actions\/formations\/\",\"name\":\"Formations - 4DLH\",\"isPartOf\":{\"@id\":\"https:\/\/www.4dlh.com\/#website\"},\"datePublished\":\"2021-06-02T12:57:35+00:00\",\"dateModified\":\"2021-06-17T13:19:55+00:00\",\"breadcrumb\":{\"@id\":\"https:\/\/www.4dlh.com\/take-actions\/formations\/#breadcrumb\"},\"inLanguage\":\"en-US\",\"potentialAction\":[{\"@type\":\"ReadAction\",\"target\":[\"https:\/\/www.4dlh.com\/take-actions\/formations\/\"]}]},{\"@type\":\"BreadcrumbList\",\"@id\":\"https:\/\/www.4dlh.com\/take-actions\/formations\/#breadcrumb\",\"itemListElement\":[{\"@type\":\"ListItem\",\"position\":1,\"name\":\"Accueil\",\"item\":\"https:\/\/www.4dlh.com\/\"},{\"@type\":\"ListItem\",\"position\":2,\"name\":\"Take actions\",\"item\":\"https:\/\/www.4dlh.com\/take-actions\/\"},{\"@type\":\"ListItem\",\"position\":3,\"name\":\"Formations\"}]},{\"@type\":\"WebSite\",\"@id\":\"https:\/\/www.4dlh.com\/#website\",\"url\":\"https:\/\/www.4dlh.com\/\",\"name\":\"4DLH\",\"description\":\"Un site utilisant WordPress\",\"potentialAction\":[{\"@type\":\"SearchAction\",\"target\":{\"@type\":\"EntryPoint\",\"urlTemplate\":\"https:\/\/www.4dlh.com\/?s={search_term_string}\"},\"query-input\":\"required name=search_term_string\"}],\"inLanguage\":\"en-US\"}]}<\/script>\n<!-- \/ Yoast SEO plugin. -->","yoast_head_json":{"title":"Formations - 4DLH","robots":{"index":"index","follow":"follow","max-snippet":"max-snippet:-1","max-image-preview":"max-image-preview:large","max-video-preview":"max-video-preview:-1"},"canonical":"https:\/\/www.4dlh.com\/en\/take-actions\/formations\/","og_locale":"en_US","og_type":"article","og_title":"Formations - 4DLH","og_url":"https:\/\/www.4dlh.com\/en\/take-actions\/formations\/","og_site_name":"4DLH","article_modified_time":"2021-06-17T13:19:55+00:00","twitter_card":"summary_large_image","twitter_misc":{"Est. reading time":"1 minute"},"schema":{"@context":"https:\/\/schema.org","@graph":[{"@type":"WebPage","@id":"https:\/\/www.4dlh.com\/take-actions\/formations\/","url":"https:\/\/www.4dlh.com\/take-actions\/formations\/","name":"Formations - 4DLH","isPartOf":{"@id":"https:\/\/www.4dlh.com\/#website"},"datePublished":"2021-06-02T12:57:35+00:00","dateModified":"2021-06-17T13:19:55+00:00","breadcrumb":{"@id":"https:\/\/www.4dlh.com\/take-actions\/formations\/#breadcrumb"},"inLanguage":"en-US","potentialAction":[{"@type":"ReadAction","target":["https:\/\/www.4dlh.com\/take-actions\/formations\/"]}]},{"@type":"BreadcrumbList","@id":"https:\/\/www.4dlh.com\/take-actions\/formations\/#breadcrumb","itemListElement":[{"@type":"ListItem","position":1,"name":"Accueil","item":"https:\/\/www.4dlh.com\/"},{"@type":"ListItem","position":2,"name":"Take actions","item":"https:\/\/www.4dlh.com\/take-actions\/"},{"@type":"ListItem","position":3,"name":"Formations"}]},{"@type":"WebSite","@id":"https:\/\/www.4dlh.com\/#website","url":"https:\/\/www.4dlh.com\/","name":"4DLH","description":"Un site utilisant WordPress","potentialAction":[{"@type":"SearchAction","target":{"@type":"EntryPoint","urlTemplate":"https:\/\/www.4dlh.com\/?s={search_term_string}"},"query-input":"required name=search_term_string"}],"inLanguage":"en-US"}]}},"_links":{"self":[{"href":"https:\/\/www.4dlh.com\/en\/wp-json\/wp\/v2\/pages\/4628"}],"collection":[{"href":"https:\/\/www.4dlh.com\/en\/wp-json\/wp\/v2\/pages"}],"about":[{"href":"https:\/\/www.4dlh.com\/en\/wp-json\/wp\/v2\/types\/page"}],"author":[{"embeddable":true,"href":"https:\/\/www.4dlh.com\/en\/wp-json\/wp\/v2\/users\/3"}],"replies":[{"embeddable":true,"href":"https:\/\/www.4dlh.com\/en\/wp-json\/wp\/v2\/comments?post=4628"}],"version-history":[{"count":7,"href":"https:\/\/www.4dlh.com\/en\/wp-json\/wp\/v2\/pages\/4628\/revisions"}],"predecessor-version":[{"id":4733,"href":"https:\/\/www.4dlh.com\/en\/wp-json\/wp\/v2\/pages\/4628\/revisions\/4733"}],"up":[{"embeddable":true,"href":"https:\/\/www.4dlh.com\/en\/wp-json\/wp\/v2\/pages\/501"}],"wp:attachment":[{"href":"https:\/\/www.4dlh.com\/en\/wp-json\/wp\/v2\/media?parent=4628"}],"curies":[{"name":"wp","href":"https:\/\/api.w.org\/{rel}","templated":true}]}}