{"id":4645,"date":"2021-06-02T15:50:15","date_gmt":"2021-06-02T13:50:15","guid":{"rendered":"https:\/\/idmotions.com\/4dlh\/?page_id=4645"},"modified":"2021-06-17T15:19:56","modified_gmt":"2021-06-17T13:19:56","slug":"strategie-de-transformation","status":"publish","type":"page","link":"https:\/\/www.4dlh.com\/en\/take-actions\/strategie-de-transformation\/","title":{"rendered":"Transformation strategy"},"content":{"rendered":"<div class=\"tm-row wpb_row vc_row-fluid vc_custom_1622640137611 tm-zindex-0 vc_row container tm-bgimage-position-center_center\">\n\n\t\t\n\t\t\n\t\t\n\n<div class=\"wpb_column tm-column vc_column_container vc_col-sm-6 tm-zindex-0\">\n\t<div class=\"vc_column-inner\">\n\t\t\t\t<div class=\"wpb_wrapper\">\n\t\t\t\n\t<div  class=\"wpb_single_image wpb_content_element vc_align_center\">\n\t\t\n\t\t<figure class=\"wpb_wrapper vc_figure\">\n\t\t\t<div class=\"vc_single_image-wrapper   vc_box_border_grey\"><img class=\"vc_single_image-img\" src=\"https:\/\/www.4dlh.com\/wp-content\/uploads\/2021\/06\/2-500x400.jpg\" width=\"500\" height=\"400\" alt=\"2\" title=\"2\" \/><\/div>\n\t\t<\/figure>\n\t<\/div>\n\t\t<\/div>\n\t<\/div>\n<\/div>\n\n\n\n\n\n<div class=\"wpb_column tm-column vc_column_container vc_col-sm-6 tm-zindex-0\">\n\t<div class=\"vc_column-inner\">\n\t\t\t\t<div class=\"wpb_wrapper\">\n\t\t\t\n\t<div class=\"wpb_text_column wpb_content_element\" >\n\t\t<div class=\"wpb_wrapper\">\n\t\t\t<p><strong>Companies have always needed leaders capable of recognizing new challenges, meeting them and inspiring new organizational decisions.<\/strong><\/p>\n<p>This need is intensifying today, given the new elements that leaders must face, among other things, digitalization, the growing power of data which has become an \u201cimportant competitive weapon\u201d, the ability of artificial intelligence to automate. in the workplace to improve business performance.<\/p>\n<p>These technology-based companies create an imperative for most companies to keep up with the winds of change, which increasingly requires better leaders capable of having a vision for the future and capable of anticipating events in order to be able to properly manage the changes that may occur.<\/p>\n\n\t\t<\/div>\n\t<\/div>\n\t\t<\/div>\n\t<\/div>\n<\/div>\n\n\n\n\t\t\n\t<\/div>","protected":false},"excerpt":{"rendered":"Les entreprises ont toujours eu besoin de leaders capables de reconna\u00eetre les nouveaux d\u00e9fis, de les relever et d\u2019inspirer de nouvelles d\u00e9cisions organisationnelles. Ce besoin s\u2019intensifie aujourd\u2019hui, au vu des nouveaux \u00e9l\u00e9ments auxquels les leaders doivent faire face, entre autres choses, la num\u00e9risation, le pouvoir croissant des donn\u00e9es devenu une \u201carme concurrentielle importante\u201d, la capacit\u00e9 &hellip; <a href=\"https:\/\/www.4dlh.com\/en\/take-actions\/strategie-de-transformation\/\" class=\"more-link\">Continue reading <span class=\"screen-reader-text\">Transformation strategy<\/span><\/a>","protected":false},"author":3,"featured_media":0,"parent":501,"menu_order":0,"comment_status":"closed","ping_status":"closed","template":"","meta":[],"yoast_head":"<!-- This site is optimized with the Yoast SEO plugin v20.1 - https:\/\/yoast.com\/wordpress\/plugins\/seo\/ -->\n<title>Strat\u00e9gie de transformation - 4DLH<\/title>\n<meta name=\"robots\" content=\"index, follow, max-snippet:-1, max-image-preview:large, max-video-preview:-1\" \/>\n<link rel=\"canonical\" href=\"https:\/\/www.4dlh.com\/en\/take-actions\/strategie-de-transformation\/\" \/>\n<meta property=\"og:locale\" content=\"en_US\" \/>\n<meta property=\"og:type\" content=\"article\" \/>\n<meta property=\"og:title\" content=\"Strat\u00e9gie de transformation - 4DLH\" \/>\n<meta property=\"og:url\" content=\"https:\/\/www.4dlh.com\/en\/take-actions\/strategie-de-transformation\/\" \/>\n<meta property=\"og:site_name\" content=\"4DLH\" \/>\n<meta property=\"article:modified_time\" content=\"2021-06-17T13:19:56+00:00\" \/>\n<meta name=\"twitter:card\" content=\"summary_large_image\" \/>\n<meta name=\"twitter:label1\" content=\"Est. reading time\" \/>\n\t<meta name=\"twitter:data1\" content=\"1 minute\" \/>\n<script type=\"application\/ld+json\" class=\"yoast-schema-graph\">{\"@context\":\"https:\/\/schema.org\",\"@graph\":[{\"@type\":\"WebPage\",\"@id\":\"https:\/\/www.4dlh.com\/take-actions\/strategie-de-transformation\/\",\"url\":\"https:\/\/www.4dlh.com\/take-actions\/strategie-de-transformation\/\",\"name\":\"Strat\u00e9gie de transformation - 4DLH\",\"isPartOf\":{\"@id\":\"https:\/\/www.4dlh.com\/#website\"},\"datePublished\":\"2021-06-02T13:50:15+00:00\",\"dateModified\":\"2021-06-17T13:19:56+00:00\",\"breadcrumb\":{\"@id\":\"https:\/\/www.4dlh.com\/take-actions\/strategie-de-transformation\/#breadcrumb\"},\"inLanguage\":\"en-US\",\"potentialAction\":[{\"@type\":\"ReadAction\",\"target\":[\"https:\/\/www.4dlh.com\/take-actions\/strategie-de-transformation\/\"]}]},{\"@type\":\"BreadcrumbList\",\"@id\":\"https:\/\/www.4dlh.com\/take-actions\/strategie-de-transformation\/#breadcrumb\",\"itemListElement\":[{\"@type\":\"ListItem\",\"position\":1,\"name\":\"Accueil\",\"item\":\"https:\/\/www.4dlh.com\/\"},{\"@type\":\"ListItem\",\"position\":2,\"name\":\"Take actions\",\"item\":\"https:\/\/www.4dlh.com\/take-actions\/\"},{\"@type\":\"ListItem\",\"position\":3,\"name\":\"Strat\u00e9gie de transformation\"}]},{\"@type\":\"WebSite\",\"@id\":\"https:\/\/www.4dlh.com\/#website\",\"url\":\"https:\/\/www.4dlh.com\/\",\"name\":\"4DLH\",\"description\":\"Un site utilisant WordPress\",\"potentialAction\":[{\"@type\":\"SearchAction\",\"target\":{\"@type\":\"EntryPoint\",\"urlTemplate\":\"https:\/\/www.4dlh.com\/?s={search_term_string}\"},\"query-input\":\"required name=search_term_string\"}],\"inLanguage\":\"en-US\"}]}<\/script>\n<!-- \/ Yoast SEO plugin. -->","yoast_head_json":{"title":"Strat\u00e9gie de transformation - 4DLH","robots":{"index":"index","follow":"follow","max-snippet":"max-snippet:-1","max-image-preview":"max-image-preview:large","max-video-preview":"max-video-preview:-1"},"canonical":"https:\/\/www.4dlh.com\/en\/take-actions\/strategie-de-transformation\/","og_locale":"en_US","og_type":"article","og_title":"Strat\u00e9gie de transformation - 4DLH","og_url":"https:\/\/www.4dlh.com\/en\/take-actions\/strategie-de-transformation\/","og_site_name":"4DLH","article_modified_time":"2021-06-17T13:19:56+00:00","twitter_card":"summary_large_image","twitter_misc":{"Est. reading time":"1 minute"},"schema":{"@context":"https:\/\/schema.org","@graph":[{"@type":"WebPage","@id":"https:\/\/www.4dlh.com\/take-actions\/strategie-de-transformation\/","url":"https:\/\/www.4dlh.com\/take-actions\/strategie-de-transformation\/","name":"Strat\u00e9gie de transformation - 4DLH","isPartOf":{"@id":"https:\/\/www.4dlh.com\/#website"},"datePublished":"2021-06-02T13:50:15+00:00","dateModified":"2021-06-17T13:19:56+00:00","breadcrumb":{"@id":"https:\/\/www.4dlh.com\/take-actions\/strategie-de-transformation\/#breadcrumb"},"inLanguage":"en-US","potentialAction":[{"@type":"ReadAction","target":["https:\/\/www.4dlh.com\/take-actions\/strategie-de-transformation\/"]}]},{"@type":"BreadcrumbList","@id":"https:\/\/www.4dlh.com\/take-actions\/strategie-de-transformation\/#breadcrumb","itemListElement":[{"@type":"ListItem","position":1,"name":"Accueil","item":"https:\/\/www.4dlh.com\/"},{"@type":"ListItem","position":2,"name":"Take actions","item":"https:\/\/www.4dlh.com\/take-actions\/"},{"@type":"ListItem","position":3,"name":"Strat\u00e9gie de transformation"}]},{"@type":"WebSite","@id":"https:\/\/www.4dlh.com\/#website","url":"https:\/\/www.4dlh.com\/","name":"4DLH","description":"Un site utilisant WordPress","potentialAction":[{"@type":"SearchAction","target":{"@type":"EntryPoint","urlTemplate":"https:\/\/www.4dlh.com\/?s={search_term_string}"},"query-input":"required name=search_term_string"}],"inLanguage":"en-US"}]}},"_links":{"self":[{"href":"https:\/\/www.4dlh.com\/en\/wp-json\/wp\/v2\/pages\/4645"}],"collection":[{"href":"https:\/\/www.4dlh.com\/en\/wp-json\/wp\/v2\/pages"}],"about":[{"href":"https:\/\/www.4dlh.com\/en\/wp-json\/wp\/v2\/types\/page"}],"author":[{"embeddable":true,"href":"https:\/\/www.4dlh.com\/en\/wp-json\/wp\/v2\/users\/3"}],"replies":[{"embeddable":true,"href":"https:\/\/www.4dlh.com\/en\/wp-json\/wp\/v2\/comments?post=4645"}],"version-history":[{"count":5,"href":"https:\/\/www.4dlh.com\/en\/wp-json\/wp\/v2\/pages\/4645\/revisions"}],"predecessor-version":[{"id":4660,"href":"https:\/\/www.4dlh.com\/en\/wp-json\/wp\/v2\/pages\/4645\/revisions\/4660"}],"up":[{"embeddable":true,"href":"https:\/\/www.4dlh.com\/en\/wp-json\/wp\/v2\/pages\/501"}],"wp:attachment":[{"href":"https:\/\/www.4dlh.com\/en\/wp-json\/wp\/v2\/media?parent=4645"}],"curies":[{"name":"wp","href":"https:\/\/api.w.org\/{rel}","templated":true}]}}