{"id":501,"date":"2019-02-02T04:41:50","date_gmt":"2019-02-02T03:41:50","guid":{"rendered":"http:\/\/localhost\/boldman\/boldman-theme\/?page_id=501"},"modified":"2022-02-28T13:24:01","modified_gmt":"2022-02-28T12:24:01","slug":"take-actions","status":"publish","type":"page","link":"https:\/\/www.4dlh.com\/en\/take-actions\/","title":{"rendered":"Take actions"},"content":{"rendered":"<div class=\"tm-row wpb_row vc_row-fluid vc_custom_1560578912579 tm-responsive-custom-77233766 tm-zindex-0 vc_row container tm-bgimage-position-center_center\">\n\n\t\t\n\t\t\n\t\t\n\n<div class=\"wpb_column tm-column vc_column_container vc_col-sm-12 tm-zindex-0\">\n\t<div class=\"vc_column-inner\">\n\t\t\t\t<div class=\"wpb_wrapper\">\n\t\t\t<div class=\"tm-element-heading-wrapper tm-heading-inner tm-element-align-center tm-seperator-solid tm-heading-style-vertical\"><section class=\"tm-vc_cta3-container\"><div class=\"tm-vc_general tm-vc_cta3 tm-cta3-only tm-vc_cta3-style-classic tm-vc_cta3-shape-rounded tm-vc_cta3-align-center tm-vc_cta3-color-transparent tm-vc_cta3-icon-size-md tm-vc_cta3-actions-no tm-cta3-without-desc\"><div class=\"tm-vc_cta3_content-container\"><div class=\"tm-vc_cta3-content\"><header class=\"tm-vc_cta3-content-header tm-wrap\"><div class=\"tm-vc_cta3-headers tm-wrap-cell\"><h2 class=\"tm-custom-heading\" >Our services<\/h2>\n<h4 style=\"color:#f79643;font-family:'Montserrat',Arial,Helvetica;font-weight:700;\" class=\"tm-custom-heading  wpb_animate_when_almost_visible wpb_fadeInLeft fadeInLeft\" >(FACE-TO-FACE, REMOTE OR HYBRID)<\/h4>\n<\/div><\/header><\/div><\/div><\/div><\/section><\/div> <!-- .tm-element-heading-wrapper container --> \t\t<\/div>\n\t<\/div>\n<\/div>\n\n\n\n\t\t\n\t<\/div>\n\n\n\n\n\n\n\n\n\n\n\n<div class=\"tm-row wpb_row vc_row-fluid vc_custom_1627462845086 tm-zindex-0 vc_row container tm-bgimage-position-center_center\">\n\n\t\t\n\t\t\n\t\t\n\n<div class=\"wpb_column tm-column vc_column_container vc_col-sm-4 tm-zindex-0\">\n\t<div class=\"vc_column-inner\">\n\t\t\t\t<div class=\"wpb_wrapper\">\n\t\t\t\n\t<div class=\"wpb_text_column wpb_content_element\" >\n\t\t<div class=\"wpb_wrapper\">\n\t\t\t<p><strong>coaching<\/strong><\/p>\n<p>Personalized coaching &amp; training<\/p>\n<ul>\n<li><a style=\"color: #f79643;\" href=\"https:\/\/www.4dlh.com\/en\/take-actions\/pourquoi-le-coaching-executif-est-essentiel-durant-une-crise\/\">Executive coaching\u00a0<\/a><\/li>\n<li><a style=\"color: #f79643;\" href=\"https:\/\/www.4dlh.com\/en\/take-actions\/formations\/\">Training<\/a><\/li>\n<\/ul>\n\n\t\t<\/div>\n\t<\/div>\n\t\t<\/div>\n\t<\/div>\n<\/div>\n\n\n\n\n\n<div class=\"wpb_column tm-column vc_column_container vc_col-sm-4 tm-zindex-0\">\n\t<div class=\"vc_column-inner\">\n\t\t\t\t<div class=\"wpb_wrapper\">\n\t\t\t\n\t<div class=\"wpb_text_column wpb_content_element\" >\n\t\t<div class=\"wpb_wrapper\">\n\t\t\t<p><strong>Consulting in change management and strategy<\/strong><\/p>\n<ul>\n<li><a style=\"color: #f79643;\" href=\"https:\/\/www.4dlh.com\/en\/take-actions\/conduite-du-changement\/\">Change management<\/a><\/li>\n<li><a style=\"color: #f79643;\" href=\"https:\/\/www.4dlh.com\/en\/take-actions\/strategie-de-transformation\/\">Transformation strategy<\/a><\/li>\n<li><a style=\"color: #f79643;\" href=\"https:\/\/www.4dlh.com\/en\/take-actions\/resilience-de-lentreprise\/\">Business resilience<\/a><\/li>\n<li><a style=\"color: #f79643;\" href=\"https:\/\/www.4dlh.com\/en\/take-actions\/plan-de-reorganisation-ou-de-restructuration\/\">Reorganization or restructuring plan<\/a><\/li>\n<\/ul>\n\n\t\t<\/div>\n\t<\/div>\n\t\t<\/div>\n\t<\/div>\n<\/div>\n\n\n\n\n\n<div class=\"wpb_column tm-column vc_column_container vc_col-sm-4 tm-zindex-0\">\n\t<div class=\"vc_column-inner\">\n\t\t\t\t<div class=\"wpb_wrapper\">\n\t\t\t\n\t<div class=\"wpb_text_column wpb_content_element\" >\n\t\t<div class=\"wpb_wrapper\">\n\t\t\t<p><strong>Workshops and conferences<\/strong><\/p>\n<ul>\n<li><a style=\"color: #f79643;\" href=\"https:\/\/www.4dlh.com\/en\/take-actions\/ateliers\/\">Workshops<\/a><\/li>\n<\/ul>\n\n\t\t<\/div>\n\t<\/div>\n\t\t<\/div>\n\t<\/div>\n<\/div>\n\n\n\n\t\t\n\t<\/div>\n\n\n\n\n\n\n\n\n\n\n\n<div class=\"tm-row wpb_row vc_row-fluid tm-zindex-0 vc_row container tm-bgimage-position-center_center\">\n\n\t\t\n\t\t\n\t\t\n\n<div class=\"wpb_column tm-column vc_column_container vc_col-sm-12 tm-zindex-0\">\n\t<div class=\"vc_column-inner\">\n\t\t\t\t<div class=\"wpb_wrapper\">\n\t\t\t<div class=\"vc_empty_space\"   style=\"height: 32px\"><span class=\"vc_empty_space_inner\"><\/span><\/div>\t\t<\/div>\n\t<\/div>\n<\/div>\n\n\n\n\t\t\n\t<\/div>","protected":false},"excerpt":{"rendered":"Nos services (EN PR\u00c9SENTIEL, EN DISTANCIEL OU EN HYBRIDE) Accompagnement Le coaching &amp; la formation personnalis\u00e9s Executive coaching\u00a0 Formations Conseil en gestion de changement et strat\u00e9gie Conduite du changement Strat\u00e9gie de transformation R\u00e9silience de l\u2019entreprise Plan de r\u00e9organisation ou de restructuration Ateliers et conf\u00e9rences Ateliers","protected":false},"author":3,"featured_media":0,"parent":0,"menu_order":11,"comment_status":"closed","ping_status":"closed","template":"","meta":[],"yoast_head":"<!-- This site is optimized with the Yoast SEO plugin v20.1 - https:\/\/yoast.com\/wordpress\/plugins\/seo\/ -->\n<title>Take actions - 4DLH<\/title>\n<meta name=\"robots\" content=\"index, follow, max-snippet:-1, max-image-preview:large, max-video-preview:-1\" \/>\n<link rel=\"canonical\" href=\"https:\/\/www.4dlh.com\/en\/take-actions\/\" \/>\n<meta property=\"og:locale\" content=\"en_US\" \/>\n<meta property=\"og:type\" content=\"article\" \/>\n<meta property=\"og:title\" content=\"Take actions - 4DLH\" \/>\n<meta property=\"og:url\" content=\"https:\/\/www.4dlh.com\/en\/take-actions\/\" \/>\n<meta property=\"og:site_name\" content=\"4DLH\" \/>\n<meta property=\"article:modified_time\" content=\"2022-02-28T12:24:01+00:00\" \/>\n<meta name=\"twitter:card\" content=\"summary_large_image\" \/>\n<meta name=\"twitter:label1\" content=\"Est. reading time\" \/>\n\t<meta name=\"twitter:data1\" content=\"1 minute\" \/>\n<script type=\"application\/ld+json\" class=\"yoast-schema-graph\">{\"@context\":\"https:\/\/schema.org\",\"@graph\":[{\"@type\":\"WebPage\",\"@id\":\"https:\/\/www.4dlh.com\/take-actions\/\",\"url\":\"https:\/\/www.4dlh.com\/take-actions\/\",\"name\":\"Take actions - 4DLH\",\"isPartOf\":{\"@id\":\"https:\/\/www.4dlh.com\/#website\"},\"datePublished\":\"2019-02-02T03:41:50+00:00\",\"dateModified\":\"2022-02-28T12:24:01+00:00\",\"breadcrumb\":{\"@id\":\"https:\/\/www.4dlh.com\/take-actions\/#breadcrumb\"},\"inLanguage\":\"en-US\",\"potentialAction\":[{\"@type\":\"ReadAction\",\"target\":[\"https:\/\/www.4dlh.com\/take-actions\/\"]}]},{\"@type\":\"BreadcrumbList\",\"@id\":\"https:\/\/www.4dlh.com\/take-actions\/#breadcrumb\",\"itemListElement\":[{\"@type\":\"ListItem\",\"position\":1,\"name\":\"Accueil\",\"item\":\"https:\/\/www.4dlh.com\/\"},{\"@type\":\"ListItem\",\"position\":2,\"name\":\"Take actions\"}]},{\"@type\":\"WebSite\",\"@id\":\"https:\/\/www.4dlh.com\/#website\",\"url\":\"https:\/\/www.4dlh.com\/\",\"name\":\"4DLH\",\"description\":\"Un site utilisant WordPress\",\"potentialAction\":[{\"@type\":\"SearchAction\",\"target\":{\"@type\":\"EntryPoint\",\"urlTemplate\":\"https:\/\/www.4dlh.com\/?s={search_term_string}\"},\"query-input\":\"required name=search_term_string\"}],\"inLanguage\":\"en-US\"}]}<\/script>\n<!-- \/ Yoast SEO plugin. -->","yoast_head_json":{"title":"Take actions - 4DLH","robots":{"index":"index","follow":"follow","max-snippet":"max-snippet:-1","max-image-preview":"max-image-preview:large","max-video-preview":"max-video-preview:-1"},"canonical":"https:\/\/www.4dlh.com\/en\/take-actions\/","og_locale":"en_US","og_type":"article","og_title":"Take actions - 4DLH","og_url":"https:\/\/www.4dlh.com\/en\/take-actions\/","og_site_name":"4DLH","article_modified_time":"2022-02-28T12:24:01+00:00","twitter_card":"summary_large_image","twitter_misc":{"Est. reading time":"1 minute"},"schema":{"@context":"https:\/\/schema.org","@graph":[{"@type":"WebPage","@id":"https:\/\/www.4dlh.com\/take-actions\/","url":"https:\/\/www.4dlh.com\/take-actions\/","name":"Take actions - 4DLH","isPartOf":{"@id":"https:\/\/www.4dlh.com\/#website"},"datePublished":"2019-02-02T03:41:50+00:00","dateModified":"2022-02-28T12:24:01+00:00","breadcrumb":{"@id":"https:\/\/www.4dlh.com\/take-actions\/#breadcrumb"},"inLanguage":"en-US","potentialAction":[{"@type":"ReadAction","target":["https:\/\/www.4dlh.com\/take-actions\/"]}]},{"@type":"BreadcrumbList","@id":"https:\/\/www.4dlh.com\/take-actions\/#breadcrumb","itemListElement":[{"@type":"ListItem","position":1,"name":"Accueil","item":"https:\/\/www.4dlh.com\/"},{"@type":"ListItem","position":2,"name":"Take actions"}]},{"@type":"WebSite","@id":"https:\/\/www.4dlh.com\/#website","url":"https:\/\/www.4dlh.com\/","name":"4DLH","description":"Un site utilisant WordPress","potentialAction":[{"@type":"SearchAction","target":{"@type":"EntryPoint","urlTemplate":"https:\/\/www.4dlh.com\/?s={search_term_string}"},"query-input":"required name=search_term_string"}],"inLanguage":"en-US"}]}},"_links":{"self":[{"href":"https:\/\/www.4dlh.com\/en\/wp-json\/wp\/v2\/pages\/501"}],"collection":[{"href":"https:\/\/www.4dlh.com\/en\/wp-json\/wp\/v2\/pages"}],"about":[{"href":"https:\/\/www.4dlh.com\/en\/wp-json\/wp\/v2\/types\/page"}],"author":[{"embeddable":true,"href":"https:\/\/www.4dlh.com\/en\/wp-json\/wp\/v2\/users\/3"}],"replies":[{"embeddable":true,"href":"https:\/\/www.4dlh.com\/en\/wp-json\/wp\/v2\/comments?post=501"}],"version-history":[{"count":30,"href":"https:\/\/www.4dlh.com\/en\/wp-json\/wp\/v2\/pages\/501\/revisions"}],"predecessor-version":[{"id":5000,"href":"https:\/\/www.4dlh.com\/en\/wp-json\/wp\/v2\/pages\/501\/revisions\/5000"}],"wp:attachment":[{"href":"https:\/\/www.4dlh.com\/en\/wp-json\/wp\/v2\/media?parent=501"}],"curies":[{"name":"wp","href":"https:\/\/api.w.org\/{rel}","templated":true}]}}