{"id":621,"date":"2019-02-04T12:56:03","date_gmt":"2019-02-04T11:56:03","guid":{"rendered":"http:\/\/localhost\/boldman\/boldman-theme\/?page_id=621"},"modified":"2021-06-09T15:58:01","modified_gmt":"2021-06-09T13:58:01","slug":"notre-equipe","status":"publish","type":"page","link":"https:\/\/www.4dlh.com\/en\/notre-equipe\/","title":{"rendered":"Our team"},"content":{"rendered":"<div class=\"tm-row wpb_row vc_row-fluid vc_custom_1623150333242 tm-zindex-0 vc_row container tm-bgimage-position-center_center\">\n\n\t\t\n\t\t\n\t\t\n\n<div class=\"wpb_column tm-column vc_column_container vc_col-sm-12 tm-zindex-0\">\n\t<div class=\"vc_column-inner\">\n\t\t\t\t<div class=\"wpb_wrapper\">\n\t\t\t<div class=\"tm-element-heading-wrapper tm-heading-inner tm-element-align-center tm-seperator-solid tm-heading-style-vertical\"><section class=\"tm-vc_cta3-container\"><div class=\"tm-vc_general tm-vc_cta3 tm-cta3-only tm-vc_cta3-style-classic tm-vc_cta3-shape-rounded tm-vc_cta3-align-center tm-vc_cta3-color-transparent tm-vc_cta3-icon-size-md tm-vc_cta3-actions-no tm-cta3-without-desc\"><div class=\"tm-vc_cta3_content-container\"><div class=\"tm-vc_cta3-content\"><header class=\"tm-vc_cta3-content-header tm-wrap\"><div class=\"tm-vc_cta3-headers tm-wrap-cell\"><h2 class=\"tm-custom-heading\" >Our team<\/h2>\n<\/div><\/header><\/div><\/div><\/div><\/section><\/div> <!-- .tm-element-heading-wrapper container --> \t\t<\/div>\n\t<\/div>\n<\/div>\n\n\n\n\t\t\n\t<\/div>\n\n\n\n\n\n\n\n\n\n\n\n<div class=\"tm-row wpb_row vc_row-fluid vc_custom_1623150360424 tm-responsive-custom-42223836 break-991-colum tm-zindex-0 vc_row container tm-bgimage-position-center_center\">\n\n\t\t\n\t\t\n\t\t\n\n<div class=\"wpb_column tm-column vc_column_container vc_col-sm-5 tm-zindex-0\">\n\t<div class=\"vc_column-inner\">\n\t\t\t\t<div class=\"wpb_wrapper\">\n\t\t\t\n\t<div  class=\"wpb_single_image wpb_content_element vc_align_center\">\n\t\t\n\t\t<figure class=\"wpb_wrapper vc_figure\">\n\t\t\t<div class=\"vc_single_image-wrapper   vc_box_border_grey\"><img width=\"748\" height=\"1024\" src=\"https:\/\/www.4dlh.com\/wp-content\/uploads\/2022\/02\/unnamed.jpg\" class=\"vc_single_image-img attachment-large\" alt=\"\" decoding=\"async\" loading=\"lazy\" srcset=\"https:\/\/www.4dlh.com\/wp-content\/uploads\/2022\/02\/unnamed.jpg 413w, https:\/\/www.4dlh.com\/wp-content\/uploads\/2022\/02\/unnamed-242x300.jpg 242w, https:\/\/www.4dlh.com\/wp-content\/uploads\/2022\/02\/unnamed-10x12.jpg 10w\" sizes=\"(max-width: 748px) 100vw, 748px\" data-id=\"4478\" \/><\/div>\n\t\t<\/figure>\n\t<\/div>\n\t\t<\/div>\n\t<\/div>\n<\/div>\n\n\n\n\n\n<div class=\"wpb_column tm-column vc_column_container vc_col-sm-7 tm-zindex-0\">\n\t<div class=\"vc_column-inner vc_custom_1550047517456 tm-responsive-custom-13735245\">\n\t\t\t\t<div class=\"wpb_wrapper\">\n\t\t\t\n<div class=\"tm-row-inner vc_row wpb_row vc_inner vc_row-fluid tm-column-inline vc_custom_1550046945621 tm-responsive-custom-74497266 tm-zindex-0\">\n\t\n<div class=\"wpb_column tm-column-inner vc_column_container vc_col-sm-3 tm-zindex-0\">\n\t<div class=\"vc_column-inner vc_custom_1548753294799 tm-responsive-custom-84784151\">\n\t\t \n\t\t<div class=\"wpb_wrapper tm_column_wrapper\">\n\t\t\t<h2 style=\"text-align:left;font-size:50px;line-height:65px;font-family:'Poppins',Arial,Helvetica;font-weight:600;\" class=\"tm-custom-heading\" >LOTFI SAIBI<\/h2>\n\t\t<\/div>\n\t<\/div>\n<\/div>\n\n\n<div class=\"wpb_column tm-column-inner vc_column_container vc_col-sm-9 tm-zindex-0\">\n\t<div class=\"vc_column-inner vc_custom_1548757000502 tm-responsive-custom-38809315\">\n\t\t \n\t\t<div class=\"wpb_wrapper tm_column_wrapper\">\n\t\t\t<div class=\"tm-element-heading-wrapper tm-heading-inner tm-element-align-left tm-seperator-solid tm-heading-style-vertical\"><section class=\"tm-vc_cta3-container\"><div class=\"tm-vc_general tm-vc_cta3 tm-cta3-only tm-vc_cta3-style-classic tm-vc_cta3-shape-rounded tm-vc_cta3-align-left tm-vc_cta3-color-transparent tm-vc_cta3-icon-size-md tm-vc_cta3-actions-no tm-cta3-without-desc\"><div class=\"tm-vc_cta3_content-container\"><div class=\"tm-vc_cta3-content\"><header class=\"tm-vc_cta3-content-header tm-wrap\"><div class=\"tm-vc_cta3-headers tm-wrap-cell\"><h2 class=\"tm-custom-heading\" >PUBLIC SPEAKING COACH<\/h2>\n<\/div><\/header><\/div><\/div><\/div><\/section><\/div> <!-- .tm-element-heading-wrapper container --> \t\t<\/div>\n\t<\/div>\n<\/div>\n\n<\/div>\n\n\n<div class=\"tm-row-inner vc_row wpb_row vc_inner vc_row-fluid tm-zindex-0\">\n\t\n<div class=\"wpb_column tm-column-inner vc_column_container vc_col-sm-12 tm-zindex-0\">\n\t<div class=\"vc_column-inner\">\n\t\t \n\t\t<div class=\"wpb_wrapper tm_column_wrapper\">\n\t\t\t<h2 style=\"text-align:left;font-size:17px;line-height:27px;color:#8d9297;\" class=\"tm-custom-heading\" ><\/h2>\n\n\t<div class=\"wpb_text_column wpb_content_element  vc_custom_1623246875068\" >\n\t\t<div class=\"wpb_wrapper\">\n\t\t\t<p>Lotfi SAIBI Founder and President of 4DLH, holds a Master\u2019s degree from Harvard University in Operations Management, and a Bachelor degree in Applied Mathematics from the University of Massachusetts in Boston - USA<\/p>\n<p>Lotfi SAIBI has become a reference in the USA, and the MENA Regions on issues dealing with Leadership Development, Strategic Planning, Communications, and all transformational issues facing the 21st century organization. He has spoken Internationally at various Universities and International conferences, and has been a consultant to many world leading organizations in the private sector, NGO, and Government Affairs.<\/p>\n<p>He sits on the board of many companies worldwide and serves as Special Advisor to Political and Civic Leaders.<\/p>\n<p>Lotfi Saibi a consult\u00e9 de nombreuses organisations mondiales dans les domaines de l&rsquo;\u00e9nergie, de la technologie, de l&rsquo;\u00e9ducation, de l&rsquo;h\u00f4tellerie, de la banque, de l&rsquo;investissement et des produits pharmaceutiques.<\/p>\n<p>Actuellement, il travaille avec plusieurs institutions priv\u00e9es et gouvernementales sur des strat\u00e9gies traitant de la gestion du changement, de la pand\u00e9mie de covid 19, de la pr\u00e9paration aux crises, de la transformation num\u00e9rique, de l&rsquo;immigration et de l&#8217;emploi des jeunes.<\/p>\n\n\t\t<\/div>\n\t<\/div>\n\t\t<\/div>\n\t<\/div>\n<\/div>\n\n<\/div>\n\n\t\t<\/div>\n\t<\/div>\n<\/div>\n\n\n\n\t\t\n\t<\/div>\n\n\n\n\n\n\n\n\n\n\n\n<div class=\"tm-row wpb_row vc_row-fluid tm-zindex-0 vc_row container tm-bgimage-position-center_center\">\n\n\t\t\n\t\t\n\t\t\n\n<div class=\"wpb_column tm-column vc_column_container vc_col-sm-6 tm-zindex-0\">\n\t<div class=\"vc_column-inner\">\n\t\t\t\t<div class=\"wpb_wrapper\">\n\t\t\t\n\t<div  class=\"wpb_single_image wpb_content_element vc_align_left\">\n\t\t\n\t\t<figure class=\"wpb_wrapper vc_figure\">\n\t\t\t<div class=\"vc_single_image-wrapper   vc_box_border_grey\"><img width=\"1000\" height=\"667\" src=\"https:\/\/www.4dlh.com\/wp-content\/uploads\/2021\/06\/MG_0037.jpg\" class=\"vc_single_image-img attachment-full\" alt=\"\" decoding=\"async\" loading=\"lazy\" srcset=\"https:\/\/www.4dlh.com\/wp-content\/uploads\/2021\/06\/MG_0037.jpg 1000w, https:\/\/www.4dlh.com\/wp-content\/uploads\/2021\/06\/MG_0037-300x200.jpg 300w, https:\/\/www.4dlh.com\/wp-content\/uploads\/2021\/06\/MG_0037-768x512.jpg 768w, https:\/\/www.4dlh.com\/wp-content\/uploads\/2021\/06\/MG_0037-16x12.jpg 16w\" sizes=\"(max-width: 1000px) 100vw, 1000px\" data-id=\"4699\" \/><\/div>\n\t\t<\/figure>\n\t<\/div>\n\n\t<div  class=\"wpb_single_image wpb_content_element vc_align_left\">\n\t\t\n\t\t<figure class=\"wpb_wrapper vc_figure\">\n\t\t\t<div class=\"vc_single_image-wrapper   vc_box_border_grey\"><img width=\"1000\" height=\"667\" src=\"https:\/\/www.4dlh.com\/wp-content\/uploads\/2021\/06\/MG_0062.jpg\" class=\"vc_single_image-img attachment-full\" alt=\"\" decoding=\"async\" loading=\"lazy\" srcset=\"https:\/\/www.4dlh.com\/wp-content\/uploads\/2021\/06\/MG_0062.jpg 1000w, https:\/\/www.4dlh.com\/wp-content\/uploads\/2021\/06\/MG_0062-300x200.jpg 300w, https:\/\/www.4dlh.com\/wp-content\/uploads\/2021\/06\/MG_0062-768x512.jpg 768w, https:\/\/www.4dlh.com\/wp-content\/uploads\/2021\/06\/MG_0062-16x12.jpg 16w\" sizes=\"(max-width: 1000px) 100vw, 1000px\" data-id=\"4700\" \/><\/div>\n\t\t<\/figure>\n\t<\/div>\n\t\t<\/div>\n\t<\/div>\n<\/div>\n\n\n\n\n\n<div class=\"wpb_column tm-column vc_column_container vc_col-sm-6 tm-zindex-0\">\n\t<div class=\"vc_column-inner\">\n\t\t\t\t<div class=\"wpb_wrapper\">\n\t\t\t\n\t<div  class=\"wpb_single_image wpb_content_element vc_align_left\">\n\t\t\n\t\t<figure class=\"wpb_wrapper vc_figure\">\n\t\t\t<div class=\"vc_single_image-wrapper   vc_box_border_grey\"><img width=\"2560\" height=\"1707\" src=\"https:\/\/www.4dlh.com\/wp-content\/uploads\/2021\/06\/IMG_0177-scaled.jpg\" class=\"vc_single_image-img attachment-full\" alt=\"\" decoding=\"async\" loading=\"lazy\" srcset=\"https:\/\/www.4dlh.com\/wp-content\/uploads\/2021\/06\/IMG_0177-scaled.jpg 2560w, https:\/\/www.4dlh.com\/wp-content\/uploads\/2021\/06\/IMG_0177-300x200.jpg 300w, https:\/\/www.4dlh.com\/wp-content\/uploads\/2021\/06\/IMG_0177-1024x683.jpg 1024w, https:\/\/www.4dlh.com\/wp-content\/uploads\/2021\/06\/IMG_0177-768x512.jpg 768w, https:\/\/www.4dlh.com\/wp-content\/uploads\/2021\/06\/IMG_0177-1536x1024.jpg 1536w, https:\/\/www.4dlh.com\/wp-content\/uploads\/2021\/06\/IMG_0177-2048x1365.jpg 2048w, https:\/\/www.4dlh.com\/wp-content\/uploads\/2021\/06\/IMG_0177-16x12.jpg 16w, https:\/\/www.4dlh.com\/wp-content\/uploads\/2021\/06\/IMG_0177-1200x800.jpg 1200w\" sizes=\"(max-width: 2560px) 100vw, 2560px\" data-id=\"4702\" \/><\/div>\n\t\t<\/figure>\n\t<\/div>\n\n\t<div  class=\"wpb_single_image wpb_content_element vc_align_left\">\n\t\t\n\t\t<figure class=\"wpb_wrapper vc_figure\">\n\t\t\t<div class=\"vc_single_image-wrapper   vc_box_border_grey\"><img width=\"1000\" height=\"667\" src=\"https:\/\/www.4dlh.com\/wp-content\/uploads\/2021\/06\/MG_0165.jpg\" class=\"vc_single_image-img attachment-full\" alt=\"\" decoding=\"async\" loading=\"lazy\" srcset=\"https:\/\/www.4dlh.com\/wp-content\/uploads\/2021\/06\/MG_0165.jpg 1000w, https:\/\/www.4dlh.com\/wp-content\/uploads\/2021\/06\/MG_0165-300x200.jpg 300w, https:\/\/www.4dlh.com\/wp-content\/uploads\/2021\/06\/MG_0165-768x512.jpg 768w, https:\/\/www.4dlh.com\/wp-content\/uploads\/2021\/06\/MG_0165-16x12.jpg 16w\" sizes=\"(max-width: 1000px) 100vw, 1000px\" data-id=\"4701\" \/><\/div>\n\t\t<\/figure>\n\t<\/div>\n\t\t<\/div>\n\t<\/div>\n<\/div>\n\n\n\n\t\t\n\t<\/div>","protected":false},"excerpt":{"rendered":"Notre \u00e9quipe LOTFI SAIBI FONDATEUR Lotfi Saibi, dipl\u00f4m\u00e9 de l'Universit\u00e9 du Massachusetts et de l'Universit\u00e9 Harvard aux \u00c9tats-Unis, avec une sp\u00e9cialisation en math\u00e9matiques et\u00a0 gestion d'entreprise . Lotfi Saibi est un activiste social, un universitaire, un chercheur, un conf\u00e9rencier, un philanthrope, un entrepreneur, un mentor et un propri\u00e9taire d'entreprise. Son travail au cours des 20 &hellip; <a href=\"https:\/\/www.4dlh.com\/en\/notre-equipe\/\" class=\"more-link\">Continue reading <span class=\"screen-reader-text\">Our team<\/span><\/a>","protected":false},"author":3,"featured_media":0,"parent":0,"menu_order":15,"comment_status":"closed","ping_status":"closed","template":"","meta":[],"yoast_head":"<!-- This site is optimized with the Yoast SEO plugin v20.1 - https:\/\/yoast.com\/wordpress\/plugins\/seo\/ -->\n<title>Notre \u00e9quipe - 4DLH<\/title>\n<meta name=\"robots\" content=\"index, follow, max-snippet:-1, max-image-preview:large, max-video-preview:-1\" \/>\n<link rel=\"canonical\" href=\"https:\/\/www.4dlh.com\/en\/notre-equipe\/\" \/>\n<meta property=\"og:locale\" content=\"en_US\" \/>\n<meta property=\"og:type\" content=\"article\" \/>\n<meta property=\"og:title\" content=\"Notre \u00e9quipe - 4DLH\" \/>\n<meta property=\"og:url\" content=\"https:\/\/www.4dlh.com\/en\/notre-equipe\/\" \/>\n<meta property=\"og:site_name\" content=\"4DLH\" \/>\n<meta property=\"article:modified_time\" content=\"2021-06-09T13:58:01+00:00\" \/>\n<meta name=\"twitter:card\" content=\"summary_large_image\" \/>\n<meta name=\"twitter:label1\" content=\"Est. reading time\" \/>\n\t<meta name=\"twitter:data1\" content=\"1 minute\" \/>\n<script type=\"application\/ld+json\" class=\"yoast-schema-graph\">{\"@context\":\"https:\/\/schema.org\",\"@graph\":[{\"@type\":\"WebPage\",\"@id\":\"https:\/\/www.4dlh.com\/notre-equipe\/\",\"url\":\"https:\/\/www.4dlh.com\/notre-equipe\/\",\"name\":\"Notre \u00e9quipe - 4DLH\",\"isPartOf\":{\"@id\":\"https:\/\/www.4dlh.com\/#website\"},\"datePublished\":\"2019-02-04T11:56:03+00:00\",\"dateModified\":\"2021-06-09T13:58:01+00:00\",\"breadcrumb\":{\"@id\":\"https:\/\/www.4dlh.com\/notre-equipe\/#breadcrumb\"},\"inLanguage\":\"en-US\",\"potentialAction\":[{\"@type\":\"ReadAction\",\"target\":[\"https:\/\/www.4dlh.com\/notre-equipe\/\"]}]},{\"@type\":\"BreadcrumbList\",\"@id\":\"https:\/\/www.4dlh.com\/notre-equipe\/#breadcrumb\",\"itemListElement\":[{\"@type\":\"ListItem\",\"position\":1,\"name\":\"Accueil\",\"item\":\"https:\/\/www.4dlh.com\/\"},{\"@type\":\"ListItem\",\"position\":2,\"name\":\"Notre \u00e9quipe\"}]},{\"@type\":\"WebSite\",\"@id\":\"https:\/\/www.4dlh.com\/#website\",\"url\":\"https:\/\/www.4dlh.com\/\",\"name\":\"4DLH\",\"description\":\"Un site utilisant WordPress\",\"potentialAction\":[{\"@type\":\"SearchAction\",\"target\":{\"@type\":\"EntryPoint\",\"urlTemplate\":\"https:\/\/www.4dlh.com\/?s={search_term_string}\"},\"query-input\":\"required name=search_term_string\"}],\"inLanguage\":\"en-US\"}]}<\/script>\n<!-- \/ Yoast SEO plugin. -->","yoast_head_json":{"title":"Notre \u00e9quipe - 4DLH","robots":{"index":"index","follow":"follow","max-snippet":"max-snippet:-1","max-image-preview":"max-image-preview:large","max-video-preview":"max-video-preview:-1"},"canonical":"https:\/\/www.4dlh.com\/en\/notre-equipe\/","og_locale":"en_US","og_type":"article","og_title":"Notre \u00e9quipe - 4DLH","og_url":"https:\/\/www.4dlh.com\/en\/notre-equipe\/","og_site_name":"4DLH","article_modified_time":"2021-06-09T13:58:01+00:00","twitter_card":"summary_large_image","twitter_misc":{"Est. reading time":"1 minute"},"schema":{"@context":"https:\/\/schema.org","@graph":[{"@type":"WebPage","@id":"https:\/\/www.4dlh.com\/notre-equipe\/","url":"https:\/\/www.4dlh.com\/notre-equipe\/","name":"Notre \u00e9quipe - 4DLH","isPartOf":{"@id":"https:\/\/www.4dlh.com\/#website"},"datePublished":"2019-02-04T11:56:03+00:00","dateModified":"2021-06-09T13:58:01+00:00","breadcrumb":{"@id":"https:\/\/www.4dlh.com\/notre-equipe\/#breadcrumb"},"inLanguage":"en-US","potentialAction":[{"@type":"ReadAction","target":["https:\/\/www.4dlh.com\/notre-equipe\/"]}]},{"@type":"BreadcrumbList","@id":"https:\/\/www.4dlh.com\/notre-equipe\/#breadcrumb","itemListElement":[{"@type":"ListItem","position":1,"name":"Accueil","item":"https:\/\/www.4dlh.com\/"},{"@type":"ListItem","position":2,"name":"Notre \u00e9quipe"}]},{"@type":"WebSite","@id":"https:\/\/www.4dlh.com\/#website","url":"https:\/\/www.4dlh.com\/","name":"4DLH","description":"Un site utilisant WordPress","potentialAction":[{"@type":"SearchAction","target":{"@type":"EntryPoint","urlTemplate":"https:\/\/www.4dlh.com\/?s={search_term_string}"},"query-input":"required name=search_term_string"}],"inLanguage":"en-US"}]}},"_links":{"self":[{"href":"https:\/\/www.4dlh.com\/en\/wp-json\/wp\/v2\/pages\/621"}],"collection":[{"href":"https:\/\/www.4dlh.com\/en\/wp-json\/wp\/v2\/pages"}],"about":[{"href":"https:\/\/www.4dlh.com\/en\/wp-json\/wp\/v2\/types\/page"}],"author":[{"embeddable":true,"href":"https:\/\/www.4dlh.com\/en\/wp-json\/wp\/v2\/users\/3"}],"replies":[{"embeddable":true,"href":"https:\/\/www.4dlh.com\/en\/wp-json\/wp\/v2\/comments?post=621"}],"version-history":[{"count":12,"href":"https:\/\/www.4dlh.com\/en\/wp-json\/wp\/v2\/pages\/621\/revisions"}],"predecessor-version":[{"id":4713,"href":"https:\/\/www.4dlh.com\/en\/wp-json\/wp\/v2\/pages\/621\/revisions\/4713"}],"wp:attachment":[{"href":"https:\/\/www.4dlh.com\/en\/wp-json\/wp\/v2\/media?parent=621"}],"curies":[{"name":"wp","href":"https:\/\/api.w.org\/{rel}","templated":true}]}}